{"id":179,"date":"2020-08-31T15:19:45","date_gmt":"2020-08-31T15:19:45","guid":{"rendered":"http:\/\/maltekstrakt.com\/?page_id=179"},"modified":"2020-12-26T11:15:19","modified_gmt":"2020-12-26T11:15:19","slug":"islevleri","status":"publish","type":"page","link":"http:\/\/maltekstrakt.com\/index.php\/islevleri\/","title":{"rendered":"\u0130\u015flevleri"},"content":{"rendered":"\t\t<div data-elementor-type=\"wp-page\" data-elementor-id=\"179\" class=\"elementor elementor-179\">\n\t\t\t\t\t\t<section class=\"elementor-section elementor-inner-section elementor-element elementor-element-2121edf1 elementor-section-boxed elementor-section-height-default elementor-section-height-default\" data-id=\"2121edf1\" data-element_type=\"section\">\n\t\t\t\t\t\t<div class=\"elementor-container elementor-column-gap-default\">\n\t\t\t\t\t<div class=\"aux-parallax-section elementor-column elementor-col-50 elementor-inner-column elementor-element elementor-element-71545739 elementor-hidden-tablet elementor-hidden-phone\" data-id=\"71545739\" data-element_type=\"column\">\n\t\t\t<div class=\"elementor-widget-wrap elementor-element-populated\">\n\t\t\t\t\t\t<div class=\"elementor-element elementor-element-2f22240e elementor-widget elementor-widget-heading\" data-id=\"2f22240e\" data-element_type=\"widget\" data-widget_type=\"heading.default\">\n\t\t\t\t<div class=\"elementor-widget-container\">\n\t\t\t\t\t<h2 class=\"elementor-heading-title elementor-size-default\">\u0130\u015eLEVLER\u0130<\/h2>\t\t\t\t<\/div>\n\t\t\t\t<\/div>\n\t\t\t\t<div class=\"elementor-element elementor-element-1cc1dec8 aux-appear-watch-animation aux-fade-in-up elementor-widget elementor-widget-aux_image\" data-id=\"1cc1dec8\" data-element_type=\"widget\" data-widget_type=\"aux_image.default\">\n\t\t\t\t<div class=\"elementor-widget-container\">\n\t\t\t\t\t<section class=\"widget-container aux-widget-image aux-alignnone aux-parent-auda1e1fde\">\n    <div class=\"aux-media-hint-frame \">\n        <div class=\"aux-media-image \" >\n        \n            \n\n            \n            <img fetchpriority=\"high\" decoding=\"async\" width=\"450\" height=\"800\" src=\"http:\/\/maltekstrakt.com\/wp-content\/uploads\/2020\/08\/malt_islev_s.jpg\" class=\"aux-attachment aux-featured-image aux-attachment-id-183\" alt=\"malt_islev_s\" data-ratio=\"0.56\" data-original-w=\"450\" \/>            \n                <\/div>\n    <\/div>\n\n<\/section><!-- widget-container -->\t\t\t\t<\/div>\n\t\t\t\t<\/div>\n\t\t\t\t<div class=\"elementor-element elementor-element-7a20e330 elementor-widget-divider--view-line elementor-widget elementor-widget-divider\" data-id=\"7a20e330\" data-element_type=\"widget\" data-widget_type=\"divider.default\">\n\t\t\t\t<div class=\"elementor-widget-container\">\n\t\t\t\t\t\t\t<div class=\"elementor-divider\">\n\t\t\t<span class=\"elementor-divider-separator\">\n\t\t\t\t\t\t<\/span>\n\t\t<\/div>\n\t\t\t\t\t\t<\/div>\n\t\t\t\t<\/div>\n\t\t\t\t\t<\/div>\n\t\t<\/div>\n\t\t\t\t<div class=\"aux-parallax-section elementor-column elementor-col-50 elementor-inner-column elementor-element elementor-element-37633b4e\" data-id=\"37633b4e\" data-element_type=\"column\">\n\t\t\t<div class=\"elementor-widget-wrap elementor-element-populated\">\n\t\t\t\t\t\t<section class=\"elementor-section elementor-inner-section elementor-element elementor-element-8d63346 elementor-section-full_width elementor-section-height-default elementor-section-height-default\" data-id=\"8d63346\" data-element_type=\"section\">\n\t\t\t\t\t\t<div class=\"elementor-container elementor-column-gap-default\">\n\t\t\t\t\t<div class=\"aux-parallax-section elementor-column elementor-col-100 elementor-inner-column elementor-element elementor-element-224142b8\" data-id=\"224142b8\" data-element_type=\"column\">\n\t\t\t<div class=\"elementor-widget-wrap elementor-element-populated\">\n\t\t\t\t\t\t<div class=\"elementor-element elementor-element-1be3ed26 aux-appear-watch-animation aux-fade-in-up elementor-widget elementor-widget-aux_modern_heading\" data-id=\"1be3ed26\" data-element_type=\"widget\" data-widget_type=\"aux_modern_heading.default\">\n\t\t\t\t<div class=\"elementor-widget-container\">\n\t\t\t\t\t<section class=\"aux-widget-modern-heading\">\n            <div class=\"aux-widget-inner\"><h1 class=\"aux-modern-heading-primary\">P\u0130\u015e\u0130RME A\u015eAMASINDA MALT EKSTRAKTI KULLANIMININ FAYDALARI NELERD\u0130R?<\/h1><\/div>\n        <\/section>\t\t\t\t<\/div>\n\t\t\t\t<\/div>\n\t\t\t\t<div class=\"elementor-element elementor-element-192f849 elementor-widget-divider--view-line elementor-widget elementor-widget-divider\" data-id=\"192f849\" data-element_type=\"widget\" data-widget_type=\"divider.default\">\n\t\t\t\t<div class=\"elementor-widget-container\">\n\t\t\t\t\t\t\t<div class=\"elementor-divider\">\n\t\t\t<span class=\"elementor-divider-separator\">\n\t\t\t\t\t\t<\/span>\n\t\t<\/div>\n\t\t\t\t\t\t<\/div>\n\t\t\t\t<\/div>\n\t\t\t\t<div class=\"elementor-element elementor-element-e180510 elementor-widget elementor-widget-heading\" data-id=\"e180510\" data-element_type=\"widget\" data-widget_type=\"heading.default\">\n\t\t\t\t<div class=\"elementor-widget-container\">\n\t\t\t\t\t<h2 class=\"elementor-heading-title elementor-size-default\">MALT EKSTRAKTININ TEMEL FAYDALARI<\/h2>\t\t\t\t<\/div>\n\t\t\t\t<\/div>\n\t\t\t\t<div class=\"elementor-element elementor-element-5cc4989 elementor-widget elementor-widget-text-editor\" data-id=\"5cc4989\" data-element_type=\"widget\" data-widget_type=\"text-editor.default\">\n\t\t\t\t<div class=\"elementor-widget-container\">\n\t\t\t\t\t\t\t\t\t<ul><li>Clean Label bir re\u00e7ete olu\u015fturman\u0131z\u0131 sa\u011flar.<\/li><li>Tam tah\u0131l i\u00e7eren bir bile\u015fen se\u00e7ene\u011fidir.<\/li><li>\u015eeker ilavesi gerekesinimini azalt\u0131r.<\/li><\/ul>\t\t\t\t\t\t\t\t<\/div>\n\t\t\t\t<\/div>\n\t\t\t\t<div class=\"elementor-element elementor-element-dc19330 elementor-widget elementor-widget-heading\" data-id=\"dc19330\" data-element_type=\"widget\" data-widget_type=\"heading.default\">\n\t\t\t\t<div class=\"elementor-widget-container\">\n\t\t\t\t\t<h2 class=\"elementor-heading-title elementor-size-default\">MAYALAR i\u00e7in M\u00dcKEMMEL BES\u0130N KAYNA\u011eI<\/h2>\t\t\t\t<\/div>\n\t\t\t\t<\/div>\n\t\t\t\t<div class=\"elementor-element elementor-element-63c395cd elementor-widget elementor-widget-text-editor\" data-id=\"63c395cd\" data-element_type=\"widget\" data-widget_type=\"text-editor.default\">\n\t\t\t\t<div class=\"elementor-widget-container\">\n\t\t\t\t\t\t\t\t\t<ul><li>Malt esktrakt\u0131 maltoz, glukoz , serbest amino asitler ve mineraller a\u00e7\u0131s\u0131ndan zengindir.<\/li><li>Basit \u015feker i\u00e7eri\u011finin \u00e7e\u015fitlili\u011fi:<\/li><\/ul><p>\u00a0 \u00a0 \u00a0 \u00a0 \u00a0 \u00a0 -Fermentasyonun h\u0131zl\u0131 ba\u015flamas\u0131na<br \/>\u00a0 \u00a0 \u00a0 \u00a0 \u00a0 \u00a0 -Daha etkin bir mayalanma s\u00fcrecine<br \/>\u00a0 \u00a0 \u00a0 \u00a0 \u00a0 \u00a0 -F\u0131r\u0131nda hamurun daha iyi kabarmas\u0131na<br \/>\u00a0 \u00a0 \u00a0 \u00a0 \u00a0 \u00a0 -F\u0131r\u0131nlanm\u0131\u015f \u00fcr\u00fcnlerin daha iyi hacim ve tekst\u00fcr kazanmas\u0131na\u00a0 olanak sa\u011flar.<\/p><ul><li>Malt Ekstrakt\u0131 kullan\u0131lan t\u00fcm \u015fekerin yerine ge\u00e7ebilir.<\/li><\/ul>\t\t\t\t\t\t\t\t<\/div>\n\t\t\t\t<\/div>\n\t\t\t\t<div class=\"elementor-element elementor-element-5440d68e elementor-widget elementor-widget-heading\" data-id=\"5440d68e\" data-element_type=\"widget\" data-widget_type=\"heading.default\">\n\t\t\t\t<div class=\"elementor-widget-container\">\n\t\t\t\t\t<h2 class=\"elementor-heading-title elementor-size-default\">SU BA\u011eLAMA ve TUTMA KAPAS\u0130TES\u0130<\/h2>\t\t\t\t<\/div>\n\t\t\t\t<\/div>\n\t\t\t\t<div class=\"elementor-element elementor-element-786688b aux-appear-watch-animation aux-fade-in-right elementor-widget__width-auto elementor-widget elementor-widget-aux_image\" data-id=\"786688b\" data-element_type=\"widget\" data-widget_type=\"aux_image.default\">\n\t\t\t\t<div class=\"elementor-widget-container\">\n\t\t\t\t\t<section class=\"widget-container aux-widget-image aux-alignnone aux-parent-au798133cf\">\n    <div class=\"aux-media-hint-frame \">\n        <div class=\"aux-media-image \" >\n        \n            \n\n            \n                        \n                <\/div>\n    <\/div>\n\n<\/section><!-- widget-container -->\t\t\t\t<\/div>\n\t\t\t\t<\/div>\n\t\t\t\t<div class=\"elementor-element elementor-element-e97326c elementor-widget elementor-widget-text-editor\" data-id=\"e97326c\" data-element_type=\"widget\" data-widget_type=\"text-editor.default\">\n\t\t\t\t<div class=\"elementor-widget-container\">\n\t\t\t\t\t\t\t\t\t<ul><li>Malt ekstrakt\u0131 su ba\u011flama ve su tutma kapasitesini art\u0131r\u0131r.<\/li><li>Hamur dinlenme a\u015famas\u0131ndan ge\u00e7tikten sonra daha kuruluk hissi verir.<\/li><li>Esnekli\u011fi art\u0131r\u0131r.<\/li><li>Tam tah\u0131l, flake ya da iri taneler kullan\u0131ld\u0131\u011f\u0131nda, malt ekstrakt\u0131 bu bile\u015fenlerine daha fazla su tutulumu sa\u011flar ve \u00fcr\u00fcn daha yumu\u015fak kal\u0131r.<\/li><\/ul><p>\u00a0<\/p>\t\t\t\t\t\t\t\t<\/div>\n\t\t\t\t<\/div>\n\t\t\t\t\t<\/div>\n\t\t<\/div>\n\t\t\t\t\t<\/div>\n\t\t<\/section>\n\t\t\t\t\t<\/div>\n\t\t<\/div>\n\t\t\t\t\t<\/div>\n\t\t<\/section>\n\t\t\t\t<section class=\"elementor-section elementor-top-section elementor-element elementor-element-19f84b1 elementor-section-boxed elementor-section-height-default elementor-section-height-default\" data-id=\"19f84b1\" data-element_type=\"section\">\n\t\t\t\t\t\t<div class=\"elementor-container elementor-column-gap-default\">\n\t\t\t\t\t<div class=\"aux-parallax-section elementor-column elementor-col-66 elementor-top-column elementor-element elementor-element-256e499\" data-id=\"256e499\" data-element_type=\"column\">\n\t\t\t<div class=\"elementor-widget-wrap elementor-element-populated\">\n\t\t\t\t\t\t<div class=\"elementor-element elementor-element-3bc3461 elementor-widget elementor-widget-heading\" data-id=\"3bc3461\" data-element_type=\"widget\" data-widget_type=\"heading.default\">\n\t\t\t\t<div class=\"elementor-widget-container\">\n\t\t\t\t\t<h2 class=\"elementor-heading-title elementor-size-default\">ESMERLE\u015eT\u0130R\u0130C\u0130 ETK\u0130<\/h2>\t\t\t\t<\/div>\n\t\t\t\t<\/div>\n\t\t\t\t<div class=\"elementor-element elementor-element-7d9c488 elementor-widget elementor-widget-text-editor\" data-id=\"7d9c488\" data-element_type=\"widget\" data-widget_type=\"text-editor.default\">\n\t\t\t\t<div class=\"elementor-widget-container\">\n\t\t\t\t\t\t\t\t\t<ul><li style=\"font-weight: 400;\">Esmerle\u015ftirici bir bile\u015fendir.<\/li><li style=\"font-weight: 400;\">Malt ekstrakt\u0131 ekme\u011fin kabu\u011funu ve rengini geli\u015ftirir.<\/li><li style=\"font-weight: 400;\">\u0130\u00e7eri\u011findeki indirgen \u015fekerler ve serbest amino asitler y\u00fczey esmerle\u015fmesi sa\u011flar bu da pi\u015fmi\u015f lezzetin iyile\u015fmesine , kabuklar\u0131n ve y\u00fczeylerin zenginle\u015fmesine neden olur.<\/li><\/ul>\t\t\t\t\t\t\t\t<\/div>\n\t\t\t\t<\/div>\n\t\t\t\t<div class=\"elementor-element elementor-element-da8ca4f elementor-widget elementor-widget-heading\" data-id=\"da8ca4f\" data-element_type=\"widget\" data-widget_type=\"heading.default\">\n\t\t\t\t<div class=\"elementor-widget-container\">\n\t\t\t\t\t<h2 class=\"elementor-heading-title elementor-size-default\">RENKLEND\u0130R\u0130C\u0130 ETK\u0130<\/h2>\t\t\t\t<\/div>\n\t\t\t\t<\/div>\n\t\t\t\t<div class=\"elementor-element elementor-element-59e145b elementor-widget elementor-widget-text-editor\" data-id=\"59e145b\" data-element_type=\"widget\" data-widget_type=\"text-editor.default\">\n\t\t\t\t<div class=\"elementor-widget-container\">\n\t\t\t\t\t\t\t\t\t<ul><li style=\"font-weight: 400;\">Renklendirici bir bile\u015fendir.<\/li><li style=\"font-weight: 400;\">Farkl\u0131 renkteki malt ekstraktlar\u0131 ile ekme\u011fin rengi aromas\u0131na etki etmeden optimize edilebilir.<\/li><li style=\"font-weight: 400;\">Kullan\u0131lan ekstrakt miktar\u0131n\u0131n art\u0131\u015f\u0131yla olu\u015fan renk de\u011fi\u015fimine bir \u00f6rnek.<\/li><li style=\"font-weight: 400;\">Ekstrakt %si un a\u011f\u0131rl\u0131\u011f\u0131na g\u00f6redir. Soldan sa\u011fa do\u011fru s\u0131rayla %0, %5, %15.<img decoding=\"async\" class=\"alignnone wp-image-243 size-full\" src=\"http:\/\/maltekstrakt.com\/wp-content\/uploads\/2020\/09\/browning_agent_1.jpg\" alt=\"\" width=\"745\" height=\"419\" \/><\/li><li style=\"font-weight: 400;\">Bu k\u00f6y ekmeklerinde kullan\u0131lan malt ekstrakt\u0131 tipi Maltax Sour\u2019dur.<\/li><\/ul>\t\t\t\t\t\t\t\t<\/div>\n\t\t\t\t<\/div>\n\t\t\t\t<div class=\"elementor-element elementor-element-f15efe7 elementor-widget elementor-widget-heading\" data-id=\"f15efe7\" data-element_type=\"widget\" data-widget_type=\"heading.default\">\n\t\t\t\t<div class=\"elementor-widget-container\">\n\t\t\t\t\t<h2 class=\"elementor-heading-title elementor-size-default\">DAHA UZUN RAF \u00d6MR\u00dc<\/h2>\t\t\t\t<\/div>\n\t\t\t\t<\/div>\n\t\t\t\t<div class=\"elementor-element elementor-element-971b039 elementor-widget elementor-widget-text-editor\" data-id=\"971b039\" data-element_type=\"widget\" data-widget_type=\"text-editor.default\">\n\t\t\t\t<div class=\"elementor-widget-container\">\n\t\t\t\t\t\t\t\t\t<ul style=\"font-weight: 400;\"><li>Hamur daha iyi nem tutar ve b\u00f6ylece \u00fcr\u00fcn daha uzun bir s\u00fcre yumu\u015fakl\u0131\u011f\u0131n\u0131 korur.<\/li><li>\u00dcr\u00fcn ortalama 1 g\u00fcn daha fazla k\u00fcflenmeden muhafaza edilebilir.<\/li><\/ul>\t\t\t\t\t\t\t\t<\/div>\n\t\t\t\t<\/div>\n\t\t\t\t\t<\/div>\n\t\t<\/div>\n\t\t\t\t<div class=\"aux-parallax-section elementor-column elementor-col-33 elementor-top-column elementor-element elementor-element-3074ca1\" data-id=\"3074ca1\" data-element_type=\"column\">\n\t\t\t<div class=\"elementor-widget-wrap elementor-element-populated\">\n\t\t\t\t\t\t<div class=\"elementor-element elementor-element-b74b7b4 elementor-widget elementor-widget-image\" data-id=\"b74b7b4\" data-element_type=\"widget\" data-widget_type=\"image.default\">\n\t\t\t\t<div class=\"elementor-widget-container\">\n\t\t\t\t\t\t\t\t\t\t\t\t\t\t\t<img decoding=\"async\" src=\"http:\/\/maltekstrakt.com\/wp-content\/uploads\/elementor\/thumbs\/islev_500_1000-ow4vv44h2up2h4ok9u5e7xpbeawjxfdlmzemagfqj4.jpg\" title=\"islev_500_1000\" alt=\"islev_500_1000\" loading=\"lazy\" \/>\t\t\t\t\t\t\t\t\t\t\t\t\t\t\t<\/div>\n\t\t\t\t<\/div>\n\t\t\t\t\t<\/div>\n\t\t<\/div>\n\t\t\t\t\t<\/div>\n\t\t<\/section>\n\t\t\t\t<\/div>\n\t\t","protected":false},"excerpt":{"rendered":"<p>\u0130\u015eLEVLER\u0130 P\u0130\u015e\u0130RME A\u015eAMASINDA MALT EKSTRAKTI KULLANIMININ FAYDALARI NELERD\u0130R? MALT EKSTRAKTININ TEMEL FAYDALARI Clean Label bir re\u00e7ete olu\u015fturman\u0131z\u0131 sa\u011flar. Tam tah\u0131l i\u00e7eren bir bile\u015fen se\u00e7ene\u011fidir. \u015eeker ilavesi gerekesinimini azalt\u0131r. MAYALAR i\u00e7in M\u00dcKEMMEL BES\u0130N KAYNA\u011eI Malt esktrakt\u0131 maltoz, glukoz , serbest amino asitler ve mineraller a\u00e7\u0131s\u0131ndan zengindir. Basit \u015feker i\u00e7eri\u011finin \u00e7e\u015fitlili\u011fi: -Fermentasyonun h\u0131zl\u0131 ba\u015flamas\u0131na -Daha etkin bir [&hellip;]<\/p>\n","protected":false},"author":1,"featured_media":0,"parent":0,"menu_order":0,"comment_status":"closed","ping_status":"closed","template":"elementor_header_footer","meta":{"footnotes":""},"class_list":["post-179","page","type-page","status-publish","hentry"],"_links":{"self":[{"href":"http:\/\/maltekstrakt.com\/index.php\/wp-json\/wp\/v2\/pages\/179","targetHints":{"allow":["GET"]}}],"collection":[{"href":"http:\/\/maltekstrakt.com\/index.php\/wp-json\/wp\/v2\/pages"}],"about":[{"href":"http:\/\/maltekstrakt.com\/index.php\/wp-json\/wp\/v2\/types\/page"}],"author":[{"embeddable":true,"href":"http:\/\/maltekstrakt.com\/index.php\/wp-json\/wp\/v2\/users\/1"}],"replies":[{"embeddable":true,"href":"http:\/\/maltekstrakt.com\/index.php\/wp-json\/wp\/v2\/comments?post=179"}],"version-history":[{"count":22,"href":"http:\/\/maltekstrakt.com\/index.php\/wp-json\/wp\/v2\/pages\/179\/revisions"}],"predecessor-version":[{"id":443,"href":"http:\/\/maltekstrakt.com\/index.php\/wp-json\/wp\/v2\/pages\/179\/revisions\/443"}],"wp:attachment":[{"href":"http:\/\/maltekstrakt.com\/index.php\/wp-json\/wp\/v2\/media?parent=179"}],"curies":[{"name":"wp","href":"https:\/\/api.w.org\/{rel}","templated":true}]}}