{"id":130,"date":"2020-06-08T13:57:34","date_gmt":"2020-06-08T13:57:34","guid":{"rendered":"http:\/\/maltekstrakt.com\/?page_id=130"},"modified":"2020-10-02T14:50:27","modified_gmt":"2020-10-02T14:50:27","slug":"urunlerimiz","status":"publish","type":"page","link":"http:\/\/maltekstrakt.com\/index.php\/urunlerimiz\/","title":{"rendered":"\u00dcr\u00fcnlerimiz"},"content":{"rendered":"\t\t<div data-elementor-type=\"wp-page\" data-elementor-id=\"130\" class=\"elementor elementor-130\">\n\t\t\t\t\t\t<section class=\"elementor-section elementor-top-section elementor-element elementor-element-1504b420 elementor-section-content-bottom elementor-section-boxed elementor-section-height-default elementor-section-height-default\" data-id=\"1504b420\" data-element_type=\"section\">\n\t\t\t\t\t\t<div class=\"elementor-container elementor-column-gap-default\">\n\t\t\t\t\t<div class=\"aux-parallax-section elementor-column elementor-col-25 elementor-top-column elementor-element elementor-element-1e677f5c\" data-id=\"1e677f5c\" data-element_type=\"column\">\n\t\t\t<div class=\"elementor-widget-wrap elementor-element-populated\">\n\t\t\t\t\t\t<div class=\"elementor-element elementor-element-76cc162 elementor-widget elementor-widget-aux_modern_heading\" data-id=\"76cc162\" data-element_type=\"widget\" data-widget_type=\"aux_modern_heading.default\">\n\t\t\t\t<div class=\"elementor-widget-container\">\n\t\t\t\t\t<section class=\"aux-widget-modern-heading\">\n            <div class=\"aux-widget-inner\"><h2 class=\"aux-modern-heading-primary\">\u00dcR\u00dcNLER\u0130M\u0130Z<\/h2><div class=\"aux-modern-heading-divider\"><\/div><\/div>\n        <\/section>\t\t\t\t<\/div>\n\t\t\t\t<\/div>\n\t\t\t\t<div class=\"elementor-element elementor-element-2d092e7 aux-appear-watch-animation aux-fade-in-right elementor-widget elementor-widget-aux_text\" data-id=\"2d092e7\" data-element_type=\"widget\" data-widget_type=\"aux_text.default\">\n\t\t\t\t<div class=\"elementor-widget-container\">\n\t\t\t\t\t<section class=\"widget-container aux-widget-text aux-parent-au1afced7a\">        <div class=\"aux-widget-advanced-text aux-wrap-style-simple aux-ico-pos-top aux-text-center aux-text-resp- aux-text-color-dark aux-text-widget-bg-center  \" >\n        \n            \n            <div class=\"aux-text-inner aux-text-widget-content\">\n                                <h4 class=\"col-title\">Senson Liquid Malt Light 10<\/h4>\n                                <div class=\"widget-content\">\n                                        <div id=\"KnM9nf\"><div id=\"tw-smenu\" class=\"tw-menu\" style=\"text-align: left;padding-left: 40px\">MALTAX 10, enzimatik olarak inaktif\u00a0 A\u00c7IK kahverengi bir maltt\u0131r.Maltl\u0131 arpadan \u00fcretilir ve tad\u0131 karakteristik \u00f6zelliktedir. Renklendirici, koruyucu madde veya di\u011fer katk\u0131 maddelerini i\u00e7ermez.<\/div><div>\u00a0<\/div><\/div><div class=\"oSioSc\"><div id=\"tw-target\"><div id=\"kAz1tf\" class=\"g9WsWb\"><div id=\"tw-target-text-container\" class=\"tw-ta-container hide-focus-ring tw-nfl\"><p>Kuru madde 80\u201382 \u00b0Brix<\/p><p>Renk 3\u201315 \u00b0EBC<\/p><p>pH 5.2\u20136.0<\/p><\/div><\/div><\/div><\/div>                <\/div>\n                            <\/div>\n        <\/div>\n                    <div class=\"aux-text-widget-footer\">\n                <div class=\"aux-border-shape-none \">\n                                <\/div>\n            <\/div>\n        \n<\/section><!-- widget-container -->\t\t\t\t<\/div>\n\t\t\t\t<\/div>\n\t\t\t\t<div class=\"elementor-element elementor-element-7d07d2ad elementor-widget-divider--view-line elementor-widget elementor-widget-divider\" data-id=\"7d07d2ad\" data-element_type=\"widget\" data-widget_type=\"divider.default\">\n\t\t\t\t<div class=\"elementor-widget-container\">\n\t\t\t\t\t\t\t<div class=\"elementor-divider\">\n\t\t\t<span class=\"elementor-divider-separator\">\n\t\t\t\t\t\t<\/span>\n\t\t<\/div>\n\t\t\t\t\t\t<\/div>\n\t\t\t\t<\/div>\n\t\t\t\t\t<\/div>\n\t\t<\/div>\n\t\t\t\t<div class=\"aux-parallax-section elementor-column elementor-col-25 elementor-top-column elementor-element elementor-element-234901f7\" data-id=\"234901f7\" data-element_type=\"column\">\n\t\t\t<div class=\"elementor-widget-wrap elementor-element-populated\">\n\t\t\t\t\t\t<div class=\"elementor-element elementor-element-1b75efe5 aux-appear-watch-animation aux-fade-in-right elementor-widget elementor-widget-aux_text\" data-id=\"1b75efe5\" data-element_type=\"widget\" data-widget_type=\"aux_text.default\">\n\t\t\t\t<div class=\"elementor-widget-container\">\n\t\t\t\t\t<section class=\"widget-container aux-widget-text aux-parent-au3172a59b\">        <div class=\"aux-widget-advanced-text aux-wrap-style-simple aux-ico-pos-top aux-text-center aux-text-resp- aux-text-color-dark aux-text-widget-bg-center  \" >\n        \n            \n            <div class=\"aux-text-inner aux-text-widget-content\">\n                                <h4 class=\"col-title\">Senson Liquid Malt Light 40<\/h4>\n                                <div class=\"widget-content\">\n                                        <p id=\"tw-target-text\" class=\"tw-data-text tw-text-large XcVN5d tw-ta\" dir=\"ltr\" style=\"text-align: left;padding-left: 40px\" data-placeholder=\"\u00c7eviri\"><span lang=\"tr\">Enzimatik olarak inaktif bir ORTA kahverengi maltt\u0131r<\/span><span lang=\"tr\">.<\/span><span lang=\"tr\"> Arpa malt\u0131ndan \u00fcretilir ve karakteristik \u00f6zelli\u011fi vard\u0131r.<\/span><span lang=\"tr\"> Renklendirici, koruyucu madde veya di\u011fer katk\u0131 maddeleri i\u00e7ermez.<\/span><\/p><p dir=\"ltr\" data-placeholder=\"\u00c7eviri\">\u00a0<\/p><p dir=\"ltr\" data-placeholder=\"\u00c7eviri\">\u00a0<\/p><p class=\"tw-data-text tw-text-large XcVN5d tw-ta\" dir=\"ltr\" style=\"padding-left: 40px\" data-placeholder=\"\u00c7eviri\">Kuru Madde 80\u201382 \u00b0Brix\u00a0<br \/>Renk 35\u201345 \u00b0EBC<\/p><p class=\"tw-data-text tw-text-large XcVN5d tw-ta\" dir=\"ltr\" style=\"padding-left: 40px\" data-placeholder=\"\u00c7eviri\">pH\u00a0 5.0\u20136.0\u00a0<\/p>                <\/div>\n                            <\/div>\n        <\/div>\n                    <div class=\"aux-text-widget-footer\">\n                <div class=\"aux-border-shape-none \">\n                                <\/div>\n            <\/div>\n        \n<\/section><!-- widget-container -->\t\t\t\t<\/div>\n\t\t\t\t<\/div>\n\t\t\t\t<div class=\"elementor-element elementor-element-83134f9 elementor-widget-divider--view-line elementor-widget elementor-widget-divider\" data-id=\"83134f9\" data-element_type=\"widget\" data-widget_type=\"divider.default\">\n\t\t\t\t<div class=\"elementor-widget-container\">\n\t\t\t\t\t\t\t<div class=\"elementor-divider\">\n\t\t\t<span class=\"elementor-divider-separator\">\n\t\t\t\t\t\t<\/span>\n\t\t<\/div>\n\t\t\t\t\t\t<\/div>\n\t\t\t\t<\/div>\n\t\t\t\t\t<\/div>\n\t\t<\/div>\n\t\t\t\t<div class=\"aux-parallax-section elementor-column elementor-col-25 elementor-top-column elementor-element elementor-element-26aac4b2\" data-id=\"26aac4b2\" data-element_type=\"column\">\n\t\t\t<div class=\"elementor-widget-wrap elementor-element-populated\">\n\t\t\t\t\t\t<div class=\"elementor-element elementor-element-46be505f aux-appear-watch-animation aux-fade-in-right elementor-widget elementor-widget-aux_text\" data-id=\"46be505f\" data-element_type=\"widget\" data-widget_type=\"aux_text.default\">\n\t\t\t\t<div class=\"elementor-widget-container\">\n\t\t\t\t\t<section class=\"widget-container aux-widget-text aux-parent-au8ed785dd\">        <div class=\"aux-widget-advanced-text aux-wrap-style-simple aux-ico-pos-top aux-text-center aux-text-resp- aux-text-color-dark aux-text-widget-bg-center  \" >\n        \n            \n            <div class=\"aux-text-inner aux-text-widget-content\">\n                                <h4 class=\"col-title\">Senson Sour Liquid Malt Light<\/h4>\n                                <div class=\"widget-content\">\n                                        <p style=\"padding-left: 40px;text-align: left\">Maltax Sour \u00a0arpa ve arpa malt\u0131 bazl\u0131 lakto fermente bir \u00fcr\u00fcnd\u00fcr.Limon ve ye\u015fil elma notalar\u0131 bar\u0131nd\u0131ran mayho\u015f ve g\u00fczel bir tada sahiptir.Ekme\u011fe ek\u015fi mayams\u0131 g\u00fczel bir lezzet katar.D\u00fc\u015f\u00fck pH de\u011feriyle ekme\u011fin raf \u00f6mr\u00fcn\u00fc uzat\u0131r.<\/p><p>\u00a0<\/p><p class=\"tw-data-text tw-text-large XcVN5d tw-ta\" dir=\"ltr\" style=\"padding-left: 40px\" data-placeholder=\"\u00c7eviri\">Kuru Madde 70\u201376 \u00b0Brix\u00a0<br \/>Renk 5\u201335 \u00b0EBC<\/p><p class=\"tw-data-text tw-text-large XcVN5d tw-ta\" dir=\"ltr\" style=\"padding-left: 40px\" data-placeholder=\"\u00c7eviri\">pH\u00a0 3.0\u20134.0\u00a0<\/p>                <\/div>\n                            <\/div>\n        <\/div>\n                    <div class=\"aux-text-widget-footer\">\n                <div class=\"aux-border-shape-none \">\n                                <\/div>\n            <\/div>\n        \n<\/section><!-- widget-container -->\t\t\t\t<\/div>\n\t\t\t\t<\/div>\n\t\t\t\t<div class=\"elementor-element elementor-element-9b8785e elementor-widget-divider--view-line elementor-widget elementor-widget-divider\" data-id=\"9b8785e\" data-element_type=\"widget\" data-widget_type=\"divider.default\">\n\t\t\t\t<div class=\"elementor-widget-container\">\n\t\t\t\t\t\t\t<div class=\"elementor-divider\">\n\t\t\t<span class=\"elementor-divider-separator\">\n\t\t\t\t\t\t<\/span>\n\t\t<\/div>\n\t\t\t\t\t\t<\/div>\n\t\t\t\t<\/div>\n\t\t\t\t\t<\/div>\n\t\t<\/div>\n\t\t\t\t<div class=\"aux-parallax-section elementor-column elementor-col-25 elementor-top-column elementor-element elementor-element-172f29f9\" data-id=\"172f29f9\" data-element_type=\"column\">\n\t\t\t<div class=\"elementor-widget-wrap elementor-element-populated\">\n\t\t\t\t\t\t<div class=\"elementor-element elementor-element-388f5ef0 aux-appear-watch-animation aux-fade-in-right elementor-widget elementor-widget-aux_text\" data-id=\"388f5ef0\" data-element_type=\"widget\" data-widget_type=\"aux_text.default\">\n\t\t\t\t<div class=\"elementor-widget-container\">\n\t\t\t\t\t<section class=\"widget-container aux-widget-text aux-parent-au938ab693\">        <div class=\"aux-widget-advanced-text aux-wrap-style-simple aux-ico-pos-top aux-text-center aux-text-resp- aux-text-color-dark aux-text-widget-bg-center  \" >\n        \n            \n            <div class=\"aux-text-inner aux-text-widget-content\">\n                                <h4 class=\"col-title\">Senson Liquid Malt Light 100<\/h4>\n                                <div class=\"widget-content\">\n                                        <p style=\"padding-left: 40px;text-align: left\">MALTAX 100 enzimatik olarak aktif olmayan KOYU kahverengi bir maltt\u0131r.Arpa malt\u0131ndan \u00fcretilir ve karakteristik bir malt aromas\u0131 lezzeti vard\u0131r. Renklendirici, koruyucu madde veya di\u011fer g\u0131da katk\u0131 maddeleri i\u00e7ermez.<\/p><p>\u00a0<\/p><p>\u00a0<\/p><p style=\"padding-left: 40px;text-align: center\">Kuru Madde 80 \u2013 82 \u00b0Brix\u00a0<br \/>Renk 80 \u2013 120 \u00b0EBC\u00a0<br \/>pH\u00a0 4.5 \u2013 6.0\u00a0<\/p>                <\/div>\n                            <\/div>\n        <\/div>\n                    <div class=\"aux-text-widget-footer\">\n                <div class=\"aux-border-shape-none \">\n                                <\/div>\n            <\/div>\n        \n<\/section><!-- widget-container -->\t\t\t\t<\/div>\n\t\t\t\t<\/div>\n\t\t\t\t<div class=\"elementor-element elementor-element-663f108d elementor-widget-divider--view-line elementor-widget elementor-widget-divider\" data-id=\"663f108d\" data-element_type=\"widget\" data-widget_type=\"divider.default\">\n\t\t\t\t<div class=\"elementor-widget-container\">\n\t\t\t\t\t\t\t<div class=\"elementor-divider\">\n\t\t\t<span class=\"elementor-divider-separator\">\n\t\t\t\t\t\t<\/span>\n\t\t<\/div>\n\t\t\t\t\t\t<\/div>\n\t\t\t\t<\/div>\n\t\t\t\t\t<\/div>\n\t\t<\/div>\n\t\t\t\t\t<\/div>\n\t\t<\/section>\n\t\t\t\t<section class=\"elementor-section elementor-top-section elementor-element elementor-element-596fe283 elementor-section-content-bottom elementor-section-boxed elementor-section-height-default elementor-section-height-default\" data-id=\"596fe283\" data-element_type=\"section\">\n\t\t\t\t\t\t<div class=\"elementor-container elementor-column-gap-default\">\n\t\t\t\t\t<div class=\"aux-parallax-section elementor-column elementor-col-20 elementor-top-column elementor-element elementor-element-7e3f1387\" data-id=\"7e3f1387\" data-element_type=\"column\">\n\t\t\t<div class=\"elementor-widget-wrap elementor-element-populated\">\n\t\t\t\t\t\t<div class=\"elementor-element elementor-element-fa774e8 aux-appear-watch-animation aux-fade-in-right elementor-widget elementor-widget-aux_text\" data-id=\"fa774e8\" data-element_type=\"widget\" data-widget_type=\"aux_text.default\">\n\t\t\t\t<div class=\"elementor-widget-container\">\n\t\t\t\t\t<section class=\"widget-container aux-widget-text aux-parent-au50c42385\">        <div class=\"aux-widget-advanced-text aux-wrap-style-simple aux-ico-pos-top aux-text-center aux-text-resp- aux-text-color-dark aux-text-widget-bg-center  \" >\n        \n            \n            <div class=\"aux-text-inner aux-text-widget-content\">\n                                <h4 class=\"col-title\">Senson Liquid Malt Gold 800<\/h4>\n                                <div class=\"widget-content\">\n                                        <p style=\"text-align: left\">\u0130naktif k\u0131rm\u0131z\u0131ms\u0131 koyu renkli bir malt \u00f6z\u00fct\u00fcd\u00fcr.Maltl\u0131 arpadan \u00fcretilir ,karakteristik \u00f6zelli\u011fi vard\u0131r.\u00a0Renklendirme , koruyucular veya di\u011fer g\u0131da katk\u0131 maddeleri i\u00e7ermez.<\/p><p>\u00a0<\/p><p>\u00a0<\/p><p>\u00a0<\/p><p>\u00a0<\/p><p>\u00a0<\/p><p>Kuru Madde 74 \u2013 77 \u00b0Brix\u00a0<br \/>Renk\u00a0 750 \u2013 850 \u00b0EBC\u00a0<br \/>pH\u00a0 3.5 \u2013 4.5\u00a0<\/p>                <\/div>\n                            <\/div>\n        <\/div>\n                    <div class=\"aux-text-widget-footer\">\n                <div class=\"aux-border-shape-none \">\n                                <\/div>\n            <\/div>\n        \n<\/section><!-- widget-container -->\t\t\t\t<\/div>\n\t\t\t\t<\/div>\n\t\t\t\t<div class=\"elementor-element elementor-element-3d4435f4 elementor-widget-divider--view-line elementor-widget elementor-widget-divider\" data-id=\"3d4435f4\" data-element_type=\"widget\" data-widget_type=\"divider.default\">\n\t\t\t\t<div class=\"elementor-widget-container\">\n\t\t\t\t\t\t\t<div class=\"elementor-divider\">\n\t\t\t<span class=\"elementor-divider-separator\">\n\t\t\t\t\t\t<\/span>\n\t\t<\/div>\n\t\t\t\t\t\t<\/div>\n\t\t\t\t<\/div>\n\t\t\t\t\t<\/div>\n\t\t<\/div>\n\t\t\t\t<div class=\"aux-parallax-section elementor-column elementor-col-20 elementor-top-column elementor-element elementor-element-60cca84f\" data-id=\"60cca84f\" data-element_type=\"column\">\n\t\t\t<div class=\"elementor-widget-wrap elementor-element-populated\">\n\t\t\t\t\t\t<div class=\"elementor-element elementor-element-1a5ae6be aux-appear-watch-animation aux-fade-in-right elementor-widget elementor-widget-aux_text\" data-id=\"1a5ae6be\" data-element_type=\"widget\" data-widget_type=\"aux_text.default\">\n\t\t\t\t<div class=\"elementor-widget-container\">\n\t\t\t\t\t<section class=\"widget-container aux-widget-text aux-parent-auce3b901f\">        <div class=\"aux-widget-advanced-text aux-wrap-style-simple aux-ico-pos-top aux-text-center aux-text-resp- aux-text-color-dark aux-text-widget-bg-center  \" >\n        \n            \n            <div class=\"aux-text-inner aux-text-widget-content\">\n                                <h4 class=\"col-title\">Senson Liquid Malt Black800F<\/h4>\n                                <div class=\"widget-content\">\n                                        <p style=\"text-align: left\">Senson Liquid Malt Black 800 F enzimatik olarak aktif olmayan \u00c7OK KOYU renkli bir maltt\u0131r.Kavrulmu\u015f arpa malt\u0131ndan \u00fcretilir ve karakteristik kavrulmu\u015f malt aromas\u0131 lezzeti vard\u0131r. Renklendirici, koruyucu madde veya di\u011fer g\u0131da katk\u0131 maddeleri i\u00e7ermez.<\/p><p>\u00a0<\/p><p>Kuru Madde 45 \u2013 55 \u00b0Brix\u00a0<br \/>Renk\u00a0 700 \u2013 800 \u00b0EBC\u00a0<br \/>pH\u00a0 3.7 \u2013 4.5\u00a0<\/p>                <\/div>\n                            <\/div>\n        <\/div>\n                    <div class=\"aux-text-widget-footer\">\n                <div class=\"aux-border-shape-none \">\n                                <\/div>\n            <\/div>\n        \n<\/section><!-- widget-container -->\t\t\t\t<\/div>\n\t\t\t\t<\/div>\n\t\t\t\t<div class=\"elementor-element elementor-element-6e3b5382 elementor-widget-divider--view-line elementor-widget elementor-widget-divider\" data-id=\"6e3b5382\" data-element_type=\"widget\" data-widget_type=\"divider.default\">\n\t\t\t\t<div class=\"elementor-widget-container\">\n\t\t\t\t\t\t\t<div class=\"elementor-divider\">\n\t\t\t<span class=\"elementor-divider-separator\">\n\t\t\t\t\t\t<\/span>\n\t\t<\/div>\n\t\t\t\t\t\t<\/div>\n\t\t\t\t<\/div>\n\t\t\t\t\t<\/div>\n\t\t<\/div>\n\t\t\t\t<div class=\"aux-parallax-section elementor-column elementor-col-20 elementor-top-column elementor-element elementor-element-74e350ad\" data-id=\"74e350ad\" data-element_type=\"column\">\n\t\t\t<div class=\"elementor-widget-wrap elementor-element-populated\">\n\t\t\t\t\t\t<div class=\"elementor-element elementor-element-4d20ce78 aux-appear-watch-animation aux-fade-in-right elementor-widget elementor-widget-aux_text\" data-id=\"4d20ce78\" data-element_type=\"widget\" data-widget_type=\"aux_text.default\">\n\t\t\t\t<div class=\"elementor-widget-container\">\n\t\t\t\t\t<section class=\"widget-container aux-widget-text aux-parent-auefb3ba5f\">        <div class=\"aux-widget-advanced-text aux-wrap-style-simple aux-ico-pos-top aux-text-center aux-text-resp- aux-text-color-dark aux-text-widget-bg-center  \" >\n        \n            \n            <div class=\"aux-text-inner aux-text-widget-content\">\n                                <h4 class=\"col-title\">Senson Liquid Wheat DM55<\/h4>\n                                <div class=\"widget-content\">\n                                        <p style=\"text-align: left\">Senson Liquid Wheat DM55 enzimatik olarak aktif olmayan A\u00c7IK kahverengi bir maltt\u0131r.<span lang=\"tr\"> Bu\u011fday ve arpa malt\u0131ndan \u00fcretilir ,p\u00fcr\u00fczs\u00fcz ve tatl\u0131 bir tadasahiptir.Renklendirici,koruyucu madde veya di\u011fer katk\u0131 maddeleri i\u00e7ermez.\u00a0<\/span><\/p><p>\u00a0<\/p><p>\u00a0<\/p><p>Kuru Madde 52 \u2013 58 \u00b0Brix<br \/>Renk\u00a0 3 20 \u00b0EBC<br \/>pH\u00a0 5.0 \u2013 6.2<\/p>                <\/div>\n                            <\/div>\n        <\/div>\n                    <div class=\"aux-text-widget-footer\">\n                <div class=\"aux-border-shape-none \">\n                                <\/div>\n            <\/div>\n        \n<\/section><!-- widget-container -->\t\t\t\t<\/div>\n\t\t\t\t<\/div>\n\t\t\t\t<div class=\"elementor-element elementor-element-50a488c elementor-widget-divider--view-line elementor-widget elementor-widget-divider\" data-id=\"50a488c\" data-element_type=\"widget\" data-widget_type=\"divider.default\">\n\t\t\t\t<div class=\"elementor-widget-container\">\n\t\t\t\t\t\t\t<div class=\"elementor-divider\">\n\t\t\t<span class=\"elementor-divider-separator\">\n\t\t\t\t\t\t<\/span>\n\t\t<\/div>\n\t\t\t\t\t\t<\/div>\n\t\t\t\t<\/div>\n\t\t\t\t\t<\/div>\n\t\t<\/div>\n\t\t\t\t<div class=\"aux-parallax-section elementor-column elementor-col-20 elementor-top-column elementor-element elementor-element-3db97694\" data-id=\"3db97694\" data-element_type=\"column\">\n\t\t\t<div class=\"elementor-widget-wrap elementor-element-populated\">\n\t\t\t\t\t\t<div class=\"elementor-element elementor-element-473b2c45 aux-appear-watch-animation aux-fade-in-right elementor-widget elementor-widget-aux_text\" data-id=\"473b2c45\" data-element_type=\"widget\" data-widget_type=\"aux_text.default\">\n\t\t\t\t<div class=\"elementor-widget-container\">\n\t\t\t\t\t<section class=\"widget-container aux-widget-text aux-parent-aud3003057\">        <div class=\"aux-widget-advanced-text aux-wrap-style-simple aux-ico-pos-top aux-text-center aux-text-resp- aux-text-color-dark aux-text-widget-bg-center  \" >\n        \n            \n            <div class=\"aux-text-inner aux-text-widget-content\">\n                                <h4 class=\"col-title\">Senson Liquid Rye Black<\/h4>\n                                <div class=\"widget-content\">\n                                        <p style=\"font-weight: 400;text-align: left\"><strong>Kavrulmu\u015f \u00e7avdar ve \u00e7avdar malt\u0131yla \u00a0\u00fcretilmi\u015f \u00a0s\u0131v\u0131 formda bir \u00fcr\u00fcnd\u00fcr. Karakteristik \u00e7avdar tad\u0131 kavrulmu\u015f, \u00a0az t\u00fcts\u00fcl\u00fc altyap\u0131s\u0131yla verir. \u00a0\u00dcr\u00fcn son kullan\u0131c\u0131s\u0131yla bulu\u015faca\u011f\u0131 zaman kadar stabilitesini koruyabilmesi i\u00e7in konsantre formdad\u0131r.<\/strong><\/p><p>\u00a0<\/p><p style=\"font-weight: 400;text-align: center\"><strong>Kuru madde 70 \u2013 75 \u00b0Brix\u00a0<\/strong><\/p><p style=\"font-weight: 400;text-align: center\"><strong>Renk 750 \u2013 850 \u00b0EBC<\/strong><\/p><p style=\"font-weight: 400;text-align: center\"><strong>pH 4.0 \u2013 5.0<\/strong><\/p>                <\/div>\n                            <\/div>\n        <\/div>\n                    <div class=\"aux-text-widget-footer\">\n                <div class=\"aux-border-shape-none \">\n                                <\/div>\n            <\/div>\n        \n<\/section><!-- widget-container -->\t\t\t\t<\/div>\n\t\t\t\t<\/div>\n\t\t\t\t<div class=\"elementor-element elementor-element-73d18d59 elementor-widget-divider--view-line elementor-widget elementor-widget-divider\" data-id=\"73d18d59\" data-element_type=\"widget\" data-widget_type=\"divider.default\">\n\t\t\t\t<div class=\"elementor-widget-container\">\n\t\t\t\t\t\t\t<div class=\"elementor-divider\">\n\t\t\t<span class=\"elementor-divider-separator\">\n\t\t\t\t\t\t<\/span>\n\t\t<\/div>\n\t\t\t\t\t\t<\/div>\n\t\t\t\t<\/div>\n\t\t\t\t\t<\/div>\n\t\t<\/div>\n\t\t\t\t<div class=\"aux-parallax-section elementor-column elementor-col-20 elementor-top-column elementor-element elementor-element-358fc0f7\" data-id=\"358fc0f7\" data-element_type=\"column\">\n\t\t\t<div class=\"elementor-widget-wrap elementor-element-populated\">\n\t\t\t\t\t\t<div class=\"elementor-element elementor-element-48cf1a49 aux-appear-watch-animation aux-fade-in-right elementor-widget elementor-widget-aux_text\" data-id=\"48cf1a49\" data-element_type=\"widget\" data-widget_type=\"aux_text.default\">\n\t\t\t\t<div class=\"elementor-widget-container\">\n\t\t\t\t\t<section class=\"widget-container aux-widget-text aux-parent-au9f93c62c\">        <div class=\"aux-widget-advanced-text aux-wrap-style-simple aux-ico-pos-top aux-text-center aux-text-resp- aux-text-color-dark aux-text-widget-bg-center  \" >\n        \n            \n            <div class=\"aux-text-inner aux-text-widget-content\">\n                                <h4 class=\"col-title\">Senson Pure Oat Aseptic<\/h4>\n                                <div class=\"widget-content\">\n                                        <p style=\"font-weight: 400;text-align: left\"><strong>Senson Pure Oat Aseptic % 100\u00a0 yulaf bazl\u0131 bir ekstraktt\u0131r.Hafif bir \u00a0tah\u0131l tad\u0131na sahiptir.<\/strong><\/p><p style=\"font-weight: 400;text-align: left\"><strong>F\u0131r\u0131nlanm\u0131\u015f \u00fcr\u00fcnlerde malt ekstrakt\u0131 olarak i\u015flev g\u00f6r\u00fcr.<\/strong><\/p><p>\u00a0<\/p><p>\u00a0<\/p><p>\u00a0<\/p><p>\u00a0<\/p><p><strong>Kuru Madde 45 - 55 \u00b0Brix\u00a0<\/strong><br \/><strong>Renk\u00a0 &lt;20\u00a0\u00b0EBC\u00a0<\/strong><br \/><strong>pH\u00a0\u00a0 4.5-6.0<\/strong><\/p>                <\/div>\n                            <\/div>\n        <\/div>\n                    <div class=\"aux-text-widget-footer\">\n                <div class=\"aux-border-shape-none \">\n                                <\/div>\n            <\/div>\n        \n<\/section><!-- widget-container -->\t\t\t\t<\/div>\n\t\t\t\t<\/div>\n\t\t\t\t<div class=\"elementor-element elementor-element-78a8f784 elementor-widget-divider--view-line elementor-widget elementor-widget-divider\" data-id=\"78a8f784\" data-element_type=\"widget\" data-widget_type=\"divider.default\">\n\t\t\t\t<div class=\"elementor-widget-container\">\n\t\t\t\t\t\t\t<div class=\"elementor-divider\">\n\t\t\t<span class=\"elementor-divider-separator\">\n\t\t\t\t\t\t<\/span>\n\t\t<\/div>\n\t\t\t\t\t\t<\/div>\n\t\t\t\t<\/div>\n\t\t\t\t\t<\/div>\n\t\t<\/div>\n\t\t\t\t\t<\/div>\n\t\t<\/section>\n\t\t\t\t<\/div>\n\t\t","protected":false},"excerpt":{"rendered":"<p>\u00dcR\u00dcNLER\u0130M\u0130Z Senson Liquid Malt Light 10 MALTAX 10, enzimatik olarak inaktif\u00a0 A\u00c7IK kahverengi bir maltt\u0131r.Maltl\u0131 arpadan \u00fcretilir ve tad\u0131 karakteristik \u00f6zelliktedir. Renklendirici, koruyucu madde veya di\u011fer katk\u0131 maddelerini i\u00e7ermez.\u00a0 Kuru madde 80\u201382 \u00b0Brix Renk 3\u201315 \u00b0EBC pH 5.2\u20136.0 Senson Liquid Malt Light 40 Enzimatik olarak inaktif bir ORTA kahverengi maltt\u0131r. Arpa malt\u0131ndan \u00fcretilir ve karakteristik [&hellip;]<\/p>\n","protected":false},"author":1,"featured_media":0,"parent":0,"menu_order":0,"comment_status":"closed","ping_status":"closed","template":"","meta":{"footnotes":""},"class_list":["post-130","page","type-page","status-publish","hentry"],"_links":{"self":[{"href":"http:\/\/maltekstrakt.com\/index.php\/wp-json\/wp\/v2\/pages\/130","targetHints":{"allow":["GET"]}}],"collection":[{"href":"http:\/\/maltekstrakt.com\/index.php\/wp-json\/wp\/v2\/pages"}],"about":[{"href":"http:\/\/maltekstrakt.com\/index.php\/wp-json\/wp\/v2\/types\/page"}],"author":[{"embeddable":true,"href":"http:\/\/maltekstrakt.com\/index.php\/wp-json\/wp\/v2\/users\/1"}],"replies":[{"embeddable":true,"href":"http:\/\/maltekstrakt.com\/index.php\/wp-json\/wp\/v2\/comments?post=130"}],"version-history":[{"count":3,"href":"http:\/\/maltekstrakt.com\/index.php\/wp-json\/wp\/v2\/pages\/130\/revisions"}],"predecessor-version":[{"id":324,"href":"http:\/\/maltekstrakt.com\/index.php\/wp-json\/wp\/v2\/pages\/130\/revisions\/324"}],"wp:attachment":[{"href":"http:\/\/maltekstrakt.com\/index.php\/wp-json\/wp\/v2\/media?parent=130"}],"curies":[{"name":"wp","href":"https:\/\/api.w.org\/{rel}","templated":true}]}}